
{"id":3167,"date":"2023-04-11T02:59:16","date_gmt":"2023-04-11T02:59:16","guid":{"rendered":"https:\/\/themeholy.com\/wordpress\/logistik\/?page_id=16"},"modified":"2026-04-23T19:50:18","modified_gmt":"2026-04-23T19:50:18","slug":"nosotros","status":"publish","type":"page","link":"https:\/\/tiusa.com.mx\/wp\/?page_id=3167","title":{"rendered":"NOSOTROS"},"content":{"rendered":"\t\t<div data-elementor-type=\"wp-page\" data-elementor-id=\"3167\" class=\"elementor elementor-3167\">\n\t\t\t\t\t\t<section class=\"elementor-section elementor-top-section elementor-element elementor-element-3013791 elementor-section-boxed elementor-section-height-default elementor-section-height-default\" data-id=\"3013791\" data-element_type=\"section\">\n\t\t\t\t\t\t<div class=\"elementor-container elementor-column-gap-no\">\n\t\t\t\t\t<div class=\"elementor-column elementor-col-50 elementor-top-column elementor-element elementor-element-28bce238\" data-id=\"28bce238\" data-element_type=\"column\">\n\t\t\t<div class=\"elementor-widget-wrap elementor-element-populated\">\n\t\t\t\t\t\t<div class=\"elementor-element elementor-element-2ef2dc55 elementor-widget elementor-widget-image\" data-id=\"2ef2dc55\" data-element_type=\"widget\" data-widget_type=\"image.default\">\n\t\t\t\t<div class=\"elementor-widget-container\">\n\t\t\t<style>\/*! elementor - v3.19.0 - 07-02-2024 *\/\n.elementor-widget-image{text-align:center}.elementor-widget-image a{display:inline-block}.elementor-widget-image a img[src$=\".svg\"]{width:48px}.elementor-widget-image img{vertical-align:middle;display:inline-block}<\/style>\t\t\t\t\t\t\t\t\t\t<img fetchpriority=\"high\" decoding=\"async\" width=\"690\" height=\"574\" src=\"https:\/\/tiusa.com.mx\/wp\/wp-content\/uploads\/2024\/02\/tiusa-1.jpg\" class=\"attachment-full size-full wp-image-3346\" alt=\"\" srcset=\"https:\/\/tiusa.com.mx\/wp\/wp-content\/uploads\/2024\/02\/tiusa-1.jpg 690w, https:\/\/tiusa.com.mx\/wp\/wp-content\/uploads\/2024\/02\/tiusa-1-300x250.jpg 300w, https:\/\/tiusa.com.mx\/wp\/wp-content\/uploads\/2024\/02\/tiusa-1-600x499.jpg 600w\" sizes=\"(max-width: 690px) 100vw, 690px\" \/>\t\t\t\t\t\t\t\t\t\t\t\t\t<\/div>\n\t\t\t\t<\/div>\n\t\t\t\t\t<\/div>\n\t\t<\/div>\n\t\t\t\t<div class=\"elementor-column elementor-col-50 elementor-top-column elementor-element elementor-element-295c9a7f\" data-id=\"295c9a7f\" data-element_type=\"column\">\n\t\t\t<div class=\"elementor-widget-wrap elementor-element-populated\">\n\t\t\t\t\t\t<div class=\"elementor-element elementor-element-6ab05c53 elementor-widget elementor-widget-logistikfaq\" data-id=\"6ab05c53\" data-element_type=\"widget\" data-widget_type=\"logistikfaq.default\">\n\t\t\t\t<div class=\"elementor-widget-container\">\n\t\t\t\t\t\r\n\t\t\t<div class=\"accordion-area accordion \" id=\"faqAccordion1\">\r\n\t\t\t\t\t\t\t\t<div class=\"accordion-card\">\r\n\t\t\t\t\t\t\t\t\t\t<div class=\"accordion-header\" id=\"collapse-item-69fde1230c4f7\">\r\n\t\t\t\t\t\t<button class=\"accordion-button \" type=\"button\" data-bs-toggle=\"collapse\"\r\n\t\t\t\t\t\t\tdata-bs-target=\"#collapse-69fde1230c4f7\" aria-expanded=\"true\" aria-controls=\"collapse-69fde1230c4f7\">MISI\u00d3N<\/button>\r\n\t\t\t\t\t<\/div>\r\n\t\t\t\t\t\t\t\t\t\t\t\t\t\t\t<div id=\"collapse-69fde1230c4f7\" class=\"accordion-collapse collapse show\"\r\n\t\t\t\t\t\taria-labelledby=\"collapse-item-69fde1230c4f7\" data-bs-parent=\"#faqAccordion1\">\r\n\t\t\t\t\t\t<div class=\"accordion-body\">\r\n\t\t\t\t\t\t\t<p>Superar expectativas del cliente en el servicio de transporte de mercanc\u00edas.<\/p>\t\t\t\t\t\t<\/div>\r\n\t\t\t\t\t<\/div>\r\n\t\t\t\t\t\t\t\t\t<\/div>\r\n\t\t\t\t\t\t\t\t<div class=\"accordion-card\">\r\n\t\t\t\t\t\t\t\t\t\t<div class=\"accordion-header\" id=\"collapse-item-69fde1230c562\">\r\n\t\t\t\t\t\t<button class=\"accordion-button collapsed\" type=\"button\" data-bs-toggle=\"collapse\"\r\n\t\t\t\t\t\t\tdata-bs-target=\"#collapse-69fde1230c562\" aria-expanded=\"false\" aria-controls=\"collapse-69fde1230c562\">VISI\u00d3N<\/button>\r\n\t\t\t\t\t<\/div>\r\n\t\t\t\t\t\t\t\t\t\t\t\t\t\t\t<div id=\"collapse-69fde1230c562\" class=\"accordion-collapse collapse \"\r\n\t\t\t\t\t\taria-labelledby=\"collapse-item-69fde1230c562\" data-bs-parent=\"#faqAccordion1\">\r\n\t\t\t\t\t\t<div class=\"accordion-body\">\r\n\t\t\t\t\t\t\t<p>Consolidarnos como una <b>empresa l\u00edder, s\u00f3lida y rentable<\/b>, <b>reconocida por <\/b>el compromiso de su <b>talento humano <\/b>en su experiencia al transportar.\u00a0<\/p>\t\t\t\t\t\t<\/div>\r\n\t\t\t\t\t<\/div>\r\n\t\t\t\t\t\t\t\t\t<\/div>\r\n\t\t\t\t\t\t\t\t<div class=\"accordion-card\">\r\n\t\t\t\t\t\t\t\t\t\t<div class=\"accordion-header\" id=\"collapse-item-69fde1230c5c0\">\r\n\t\t\t\t\t\t<button class=\"accordion-button collapsed\" type=\"button\" data-bs-toggle=\"collapse\"\r\n\t\t\t\t\t\t\tdata-bs-target=\"#collapse-69fde1230c5c0\" aria-expanded=\"false\" aria-controls=\"collapse-69fde1230c5c0\">VALORES<\/button>\r\n\t\t\t\t\t<\/div>\r\n\t\t\t\t\t\t\t\t\t\t\t\t\t\t\t<div id=\"collapse-69fde1230c5c0\" class=\"accordion-collapse collapse \"\r\n\t\t\t\t\t\taria-labelledby=\"collapse-item-69fde1230c5c0\" data-bs-parent=\"#faqAccordion1\">\r\n\t\t\t\t\t\t<div class=\"accordion-body\">\r\n\t\t\t\t\t\t\t<div class=\"checklist\">\n<ul>\n \t<li>Compromiso<\/li>\n \t<li>Efectividad<\/li>\n \t<li>Liderazgo<\/li>\n \t<li>Pasi\u00f3n<\/li>\n \t<li>Seguridad<\/li>\n<\/ul>\n<\/div>\t\t\t\t\t\t<\/div>\r\n\t\t\t\t\t<\/div>\r\n\t\t\t\t\t\t\t\t\t<\/div>\r\n\t\t\t\t\t\t\t<\/div>\r\n\r\n        \t\t<\/div>\n\t\t\t\t<\/div>\n\t\t\t\t\t<\/div>\n\t\t<\/div>\n\t\t\t\t\t<\/div>\n\t\t<\/section>\n\t\t\t\t<section class=\"elementor-section elementor-top-section elementor-element elementor-element-59cc574f elementor-section-content-middle elementor-section-full_width elementor-section-height-default elementor-section-height-default\" data-id=\"59cc574f\" data-element_type=\"section\" data-settings=\"{&quot;background_background&quot;:&quot;classic&quot;}\">\n\t\t\t\t\t\t\t<div class=\"elementor-background-overlay\"><\/div>\n\t\t\t\t\t\t\t<div class=\"elementor-container elementor-column-gap-no\">\n\t\t\t\t\t<div class=\"elementor-column elementor-col-100 elementor-top-column elementor-element elementor-element-5bb6fbda\" data-id=\"5bb6fbda\" data-element_type=\"column\">\n\t\t\t<div class=\"elementor-widget-wrap elementor-element-populated\">\n\t\t\t\t\t\t<div class=\"elementor-element elementor-element-68e40543 elementor-widget elementor-widget-logistiksectiontitle\" data-id=\"68e40543\" data-element_type=\"widget\" data-widget_type=\"logistiksectiontitle.default\">\n\t\t\t\t<div class=\"elementor-widget-container\">\n\t\t\t\t\t<div class=\"title-area\">\r\n\t\t\t\t\t\t\r\n\t\t\t<h2 class=\"sec-title th-title\">Contamos con patio de maniobras bien iluminado, barda perimetral y  vigilancia 24 horas \n<\/h2>\t\t<\/div>\r\n\r\n\t\t\t<\/div>\n\t\t\t\t<\/div>\n\t\t\t\t\t<\/div>\n\t\t<\/div>\n\t\t\t\t\t<\/div>\n\t\t<\/section>\n\t\t<div class=\"elementor-element elementor-element-44d84dbe e-flex e-con-boxed e-con e-parent\" data-id=\"44d84dbe\" data-element_type=\"container\" data-settings=\"{&quot;content_width&quot;:&quot;boxed&quot;}\" data-core-v316-plus=\"true\">\n\t\t\t\t\t<div class=\"e-con-inner\">\n\t\t\t\t<div class=\"elementor-element elementor-element-44547ee6 elementor-widget elementor-widget-image-gallery\" data-id=\"44547ee6\" data-element_type=\"widget\" data-widget_type=\"image-gallery.default\">\n\t\t\t\t<div class=\"elementor-widget-container\">\n\t\t\t<style>\/*! elementor - v3.19.0 - 07-02-2024 *\/\n.elementor-image-gallery .gallery-item{display:inline-block;text-align:center;vertical-align:top;width:100%;max-width:100%;margin:0 auto}.elementor-image-gallery .gallery-item img{margin:0 auto}.elementor-image-gallery .gallery-item .gallery-caption{margin:0}.elementor-image-gallery figure img{display:block}.elementor-image-gallery figure figcaption{width:100%}.gallery-spacing-custom .elementor-image-gallery .gallery-icon{padding:0}@media (min-width:768px){.elementor-image-gallery .gallery-columns-2 .gallery-item{max-width:50%}.elementor-image-gallery .gallery-columns-3 .gallery-item{max-width:33.33%}.elementor-image-gallery .gallery-columns-4 .gallery-item{max-width:25%}.elementor-image-gallery .gallery-columns-5 .gallery-item{max-width:20%}.elementor-image-gallery .gallery-columns-6 .gallery-item{max-width:16.666%}.elementor-image-gallery .gallery-columns-7 .gallery-item{max-width:14.28%}.elementor-image-gallery .gallery-columns-8 .gallery-item{max-width:12.5%}.elementor-image-gallery .gallery-columns-9 .gallery-item{max-width:11.11%}.elementor-image-gallery .gallery-columns-10 .gallery-item{max-width:10%}}@media (min-width:480px) and (max-width:767px){.elementor-image-gallery .gallery.gallery-columns-2 .gallery-item,.elementor-image-gallery .gallery.gallery-columns-3 .gallery-item,.elementor-image-gallery .gallery.gallery-columns-4 .gallery-item,.elementor-image-gallery .gallery.gallery-columns-5 .gallery-item,.elementor-image-gallery .gallery.gallery-columns-6 .gallery-item,.elementor-image-gallery .gallery.gallery-columns-7 .gallery-item,.elementor-image-gallery .gallery.gallery-columns-8 .gallery-item,.elementor-image-gallery .gallery.gallery-columns-9 .gallery-item,.elementor-image-gallery .gallery.gallery-columns-10 .gallery-item{max-width:50%}}@media (max-width:479px){.elementor-image-gallery .gallery.gallery-columns-2 .gallery-item,.elementor-image-gallery .gallery.gallery-columns-3 .gallery-item,.elementor-image-gallery .gallery.gallery-columns-4 .gallery-item,.elementor-image-gallery .gallery.gallery-columns-5 .gallery-item,.elementor-image-gallery .gallery.gallery-columns-6 .gallery-item,.elementor-image-gallery .gallery.gallery-columns-7 .gallery-item,.elementor-image-gallery .gallery.gallery-columns-8 .gallery-item,.elementor-image-gallery .gallery.gallery-columns-9 .gallery-item,.elementor-image-gallery .gallery.gallery-columns-10 .gallery-item{max-width:100%}}<\/style>\t\t<div class=\"elementor-image-gallery\">\n\t\t\t<div id='gallery-1' class='gallery galleryid-228 gallery-columns-4 gallery-size-medium'><figure class='gallery-item'>\n\t\t\t<div class='gallery-icon landscape'>\n\t\t\t\t<a data-elementor-open-lightbox=\"yes\" data-elementor-lightbox-slideshow=\"44547ee6\" data-elementor-lightbox-title=\"1-1.png\" data-e-action-hash=\"#elementor-action%3Aaction%3Dlightbox%26settings%3DeyJpZCI6MzM2NywidXJsIjoiaHR0cHM6XC9cL3RpdXNhLmNvbS5teFwvd3BcL3dwLWNvbnRlbnRcL3VwbG9hZHNcLzIwMjRcLzAyXC8xLTEucG5nIiwic2xpZGVzaG93IjoiNDQ1NDdlZTYifQ%3D%3D\" href='https:\/\/tiusa.com.mx\/wp\/wp-content\/uploads\/2024\/02\/1-1.png'><img decoding=\"async\" width=\"300\" height=\"300\" src=\"https:\/\/tiusa.com.mx\/wp\/wp-content\/uploads\/2024\/02\/1-1-300x300.png\" class=\"attachment-medium size-medium\" alt=\"\" srcset=\"https:\/\/tiusa.com.mx\/wp\/wp-content\/uploads\/2024\/02\/1-1-300x300.png 300w, https:\/\/tiusa.com.mx\/wp\/wp-content\/uploads\/2024\/02\/1-1-150x150.png 150w, https:\/\/tiusa.com.mx\/wp\/wp-content\/uploads\/2024\/02\/1-1-80x80.png 80w, https:\/\/tiusa.com.mx\/wp\/wp-content\/uploads\/2024\/02\/1-1-600x600.png 600w, https:\/\/tiusa.com.mx\/wp\/wp-content\/uploads\/2024\/02\/1-1-100x100.png 100w, https:\/\/tiusa.com.mx\/wp\/wp-content\/uploads\/2024\/02\/1-1-460x460.png 460w, https:\/\/tiusa.com.mx\/wp\/wp-content\/uploads\/2024\/02\/1-1.png 700w\" sizes=\"(max-width: 300px) 100vw, 300px\" \/><\/a>\n\t\t\t<\/div><\/figure><figure class='gallery-item'>\n\t\t\t<div class='gallery-icon landscape'>\n\t\t\t\t<a data-elementor-open-lightbox=\"yes\" data-elementor-lightbox-slideshow=\"44547ee6\" data-elementor-lightbox-title=\"2-1.png\" data-e-action-hash=\"#elementor-action%3Aaction%3Dlightbox%26settings%3DeyJpZCI6MzM2OCwidXJsIjoiaHR0cHM6XC9cL3RpdXNhLmNvbS5teFwvd3BcL3dwLWNvbnRlbnRcL3VwbG9hZHNcLzIwMjRcLzAyXC8yLTEucG5nIiwic2xpZGVzaG93IjoiNDQ1NDdlZTYifQ%3D%3D\" href='https:\/\/tiusa.com.mx\/wp\/wp-content\/uploads\/2024\/02\/2-1.png'><img decoding=\"async\" width=\"300\" height=\"300\" src=\"https:\/\/tiusa.com.mx\/wp\/wp-content\/uploads\/2024\/02\/2-1-300x300.png\" class=\"attachment-medium size-medium\" alt=\"\" srcset=\"https:\/\/tiusa.com.mx\/wp\/wp-content\/uploads\/2024\/02\/2-1-300x300.png 300w, https:\/\/tiusa.com.mx\/wp\/wp-content\/uploads\/2024\/02\/2-1-150x150.png 150w, https:\/\/tiusa.com.mx\/wp\/wp-content\/uploads\/2024\/02\/2-1-80x80.png 80w, https:\/\/tiusa.com.mx\/wp\/wp-content\/uploads\/2024\/02\/2-1-600x600.png 600w, https:\/\/tiusa.com.mx\/wp\/wp-content\/uploads\/2024\/02\/2-1-100x100.png 100w, https:\/\/tiusa.com.mx\/wp\/wp-content\/uploads\/2024\/02\/2-1-460x460.png 460w, https:\/\/tiusa.com.mx\/wp\/wp-content\/uploads\/2024\/02\/2-1.png 700w\" sizes=\"(max-width: 300px) 100vw, 300px\" \/><\/a>\n\t\t\t<\/div><\/figure><figure class='gallery-item'>\n\t\t\t<div class='gallery-icon landscape'>\n\t\t\t\t<a data-elementor-open-lightbox=\"yes\" data-elementor-lightbox-slideshow=\"44547ee6\" data-elementor-lightbox-title=\"3.png\" data-e-action-hash=\"#elementor-action%3Aaction%3Dlightbox%26settings%3DeyJpZCI6MzM2OSwidXJsIjoiaHR0cHM6XC9cL3RpdXNhLmNvbS5teFwvd3BcL3dwLWNvbnRlbnRcL3VwbG9hZHNcLzIwMjRcLzAyXC8zLnBuZyIsInNsaWRlc2hvdyI6IjQ0NTQ3ZWU2In0%3D\" href='https:\/\/tiusa.com.mx\/wp\/wp-content\/uploads\/2024\/02\/3.png'><img loading=\"lazy\" decoding=\"async\" width=\"300\" height=\"300\" src=\"https:\/\/tiusa.com.mx\/wp\/wp-content\/uploads\/2024\/02\/3-300x300.png\" class=\"attachment-medium size-medium\" alt=\"\" srcset=\"https:\/\/tiusa.com.mx\/wp\/wp-content\/uploads\/2024\/02\/3-300x300.png 300w, https:\/\/tiusa.com.mx\/wp\/wp-content\/uploads\/2024\/02\/3-150x150.png 150w, https:\/\/tiusa.com.mx\/wp\/wp-content\/uploads\/2024\/02\/3-80x80.png 80w, https:\/\/tiusa.com.mx\/wp\/wp-content\/uploads\/2024\/02\/3-600x600.png 600w, https:\/\/tiusa.com.mx\/wp\/wp-content\/uploads\/2024\/02\/3-100x100.png 100w, https:\/\/tiusa.com.mx\/wp\/wp-content\/uploads\/2024\/02\/3-460x460.png 460w, https:\/\/tiusa.com.mx\/wp\/wp-content\/uploads\/2024\/02\/3.png 700w\" sizes=\"(max-width: 300px) 100vw, 300px\" \/><\/a>\n\t\t\t<\/div><\/figure><figure class='gallery-item'>\n\t\t\t<div class='gallery-icon landscape'>\n\t\t\t\t<a data-elementor-open-lightbox=\"yes\" data-elementor-lightbox-slideshow=\"44547ee6\" data-elementor-lightbox-title=\"4-1.png\" data-e-action-hash=\"#elementor-action%3Aaction%3Dlightbox%26settings%3DeyJpZCI6MzM3MCwidXJsIjoiaHR0cHM6XC9cL3RpdXNhLmNvbS5teFwvd3BcL3dwLWNvbnRlbnRcL3VwbG9hZHNcLzIwMjRcLzAyXC80LTEucG5nIiwic2xpZGVzaG93IjoiNDQ1NDdlZTYifQ%3D%3D\" href='https:\/\/tiusa.com.mx\/wp\/wp-content\/uploads\/2024\/02\/4-1.png'><img loading=\"lazy\" decoding=\"async\" width=\"300\" height=\"300\" src=\"https:\/\/tiusa.com.mx\/wp\/wp-content\/uploads\/2024\/02\/4-1-300x300.png\" class=\"attachment-medium size-medium\" alt=\"\" srcset=\"https:\/\/tiusa.com.mx\/wp\/wp-content\/uploads\/2024\/02\/4-1-300x300.png 300w, https:\/\/tiusa.com.mx\/wp\/wp-content\/uploads\/2024\/02\/4-1-150x150.png 150w, https:\/\/tiusa.com.mx\/wp\/wp-content\/uploads\/2024\/02\/4-1-80x80.png 80w, https:\/\/tiusa.com.mx\/wp\/wp-content\/uploads\/2024\/02\/4-1-600x600.png 600w, https:\/\/tiusa.com.mx\/wp\/wp-content\/uploads\/2024\/02\/4-1-100x100.png 100w, https:\/\/tiusa.com.mx\/wp\/wp-content\/uploads\/2024\/02\/4-1-460x460.png 460w, https:\/\/tiusa.com.mx\/wp\/wp-content\/uploads\/2024\/02\/4-1.png 700w\" sizes=\"(max-width: 300px) 100vw, 300px\" \/><\/a>\n\t\t\t<\/div><\/figure>\n\t\t<\/div>\n\t\t<\/div>\n\t\t\t\t<\/div>\n\t\t\t\t<\/div>\n\t\t\t\t\t<\/div>\n\t\t\t\t<\/div>\n\t\t\t\t<section class=\"elementor-section elementor-top-section elementor-element elementor-element-2e25f9b7 elementor-section-boxed elementor-section-height-default elementor-section-height-default\" data-id=\"2e25f9b7\" data-element_type=\"section\">\n\t\t\t\t\t\t<div class=\"elementor-container elementor-column-gap-default\">\n\t\t\t\t\t<div class=\"elementor-column elementor-col-50 elementor-top-column elementor-element elementor-element-4cea5257\" data-id=\"4cea5257\" data-element_type=\"column\">\n\t\t\t<div class=\"elementor-widget-wrap elementor-element-populated\">\n\t\t\t\t\t\t<div class=\"elementor-element elementor-element-7e9369f9 elementor-widget elementor-widget-logistiksectiontitle\" data-id=\"7e9369f9\" data-element_type=\"widget\" data-widget_type=\"logistiksectiontitle.default\">\n\t\t\t\t<div class=\"elementor-widget-container\">\n\t\t\t\t\t<div class=\"title-area\">\r\n\t\t\t\t\t\t\r\n\t\t\t<h2 class=\"sec-title th-title\">Pol\u00edtica de calidad y seguridad vial<\/h2>\t\t<\/div>\r\n\r\n\t\t\t<\/div>\n\t\t\t\t<\/div>\n\t\t\t\t<div class=\"elementor-element elementor-element-25edb3fd elementor-widget elementor-widget-text-editor\" data-id=\"25edb3fd\" data-element_type=\"widget\" data-widget_type=\"text-editor.default\">\n\t\t\t\t<div class=\"elementor-widget-container\">\n\t\t\t<style>\/*! elementor - v3.19.0 - 07-02-2024 *\/\n.elementor-widget-text-editor.elementor-drop-cap-view-stacked .elementor-drop-cap{background-color:#69727d;color:#fff}.elementor-widget-text-editor.elementor-drop-cap-view-framed .elementor-drop-cap{color:#69727d;border:3px solid;background-color:transparent}.elementor-widget-text-editor:not(.elementor-drop-cap-view-default) .elementor-drop-cap{margin-top:8px}.elementor-widget-text-editor:not(.elementor-drop-cap-view-default) .elementor-drop-cap-letter{width:1em;height:1em}.elementor-widget-text-editor .elementor-drop-cap{float:left;text-align:center;line-height:1;font-size:50px}.elementor-widget-text-editor .elementor-drop-cap-letter{display:inline-block}<\/style>\t\t\t\t<p style=\"text-align: justify;\"><span class=\"a_GcMg font-feature-liga-off font-feature-clig-off font-feature-calt-off text-decoration-none text-strikethrough-none\" style=\"color: rgba(0,0,0,var(--o42jjq,1)); caret-color: #000000; --ys-xuq: none; font-kerning: normal;\">En <\/span><span class=\"a_GcMg font-feature-liga-off font-feature-clig-off font-feature-calt-off text-decoration-none text-strikethrough-none\" style=\"color: rgba(0,0,0,var(--o42jjq,1)); caret-color: #000000; --ys-xuq: none; font-weight: bold; font-kerning: normal;\">TIUSA<\/span><span class=\"a_GcMg font-feature-liga-off font-feature-clig-off font-feature-calt-off text-decoration-none text-strikethrough-none\" style=\"color: rgba(0,0,0,var(--o42jjq,1)); caret-color: #000000; --ys-xuq: none; font-kerning: normal;\">, nuestro <\/span><span class=\"a_GcMg font-feature-liga-off font-feature-clig-off font-feature-calt-off text-decoration-none text-strikethrough-none\" style=\"color: rgba(173,10,10,var(--o42jjq,1)); caret-color: #ad0a0a; --ys-xuq: none; font-weight: bold; font-kerning: normal;\">compromiso <\/span><span class=\"a_GcMg font-feature-liga-off font-feature-clig-off font-feature-calt-off text-decoration-none text-strikethrough-none\" style=\"color: rgba(0,0,0,var(--o42jjq,1)); caret-color: #000000; --ys-xuq: none; font-kerning: normal;\">es con la mejora continua para generar valor y confianza para nuestros clientes y partes interesadas, sustentada en operaciones seguras, confiables y con responsabilidad ambiental, garantizando la conformidad en el nivel de servicio en el transporte de carga por carretera, integrando requerimientos espec\u00edficos por cliente y normativa vigente, mediante un enfoque integral en Calidad, Seguridad Vial y Seguridad de la Cadena de Suministro.<\/span><\/p>\t\t\t\t\t\t<\/div>\n\t\t\t\t<\/div>\n\t\t\t\t\t<\/div>\n\t\t<\/div>\n\t\t\t\t<div class=\"elementor-column elementor-col-50 elementor-top-column elementor-element elementor-element-55407f5c\" data-id=\"55407f5c\" data-element_type=\"column\">\n\t\t\t<div class=\"elementor-widget-wrap elementor-element-populated\">\n\t\t\t\t\t\t<div class=\"elementor-element elementor-element-57da802 elementor-widget elementor-widget-logistikimage\" data-id=\"57da802\" data-element_type=\"widget\" data-widget_type=\"logistikimage.default\">\n\t\t\t\t<div class=\"elementor-widget-container\">\n\t\t\t\r\n\t\t\t\t\t<div class=\"img-box6 pe-xl-5\">\r\n\t\t\t\t<div class=\"img1\">\r\n\t\t\t\t\t<img decoding=\"async\" src=\"https:\/\/tiusa.com.mx\/wp\/wp-content\/uploads\/2024\/02\/Diseno-sin-titulo-2-1.png\" alt=\"Diseno sin titulo 2 1\"  \/>\t\t\t\t<\/div>\r\n\t\t\t\t<div class=\"img2 movingX\">\r\n\t\t\t\t\t<img decoding=\"async\" src=\"\" alt=\"\"  \/>\t\t\t\t<\/div>\r\n\t\t\t<\/div>\r\n\r\n\t\t\t\t<\/div>\n\t\t\t\t<\/div>\n\t\t\t\t\t<\/div>\n\t\t<\/div>\n\t\t\t\t\t<\/div>\n\t\t<\/section>\n\t\t<div class=\"elementor-element elementor-element-81b0185 e-con-full e-flex e-con e-parent\" data-id=\"81b0185\" data-element_type=\"container\" data-settings=\"{&quot;content_width&quot;:&quot;full&quot;}\" data-core-v316-plus=\"true\">\n\t\t\t\t<div class=\"elementor-element elementor-element-3461949 elementor-widget elementor-widget-image\" data-id=\"3461949\" data-element_type=\"widget\" data-widget_type=\"image.default\">\n\t\t\t\t<div class=\"elementor-widget-container\">\n\t\t\t\t\t\t\t\t\t\t\t\t\t<img loading=\"lazy\" decoding=\"async\" width=\"1920\" height=\"600\" src=\"https:\/\/tiusa.com.mx\/wp\/wp-content\/uploads\/2024\/02\/banner-tiusa-1.jpg\" class=\"attachment-full size-full wp-image-3374\" alt=\"\" srcset=\"https:\/\/tiusa.com.mx\/wp\/wp-content\/uploads\/2024\/02\/banner-tiusa-1.jpg 1920w, https:\/\/tiusa.com.mx\/wp\/wp-content\/uploads\/2024\/02\/banner-tiusa-1-300x94.jpg 300w, https:\/\/tiusa.com.mx\/wp\/wp-content\/uploads\/2024\/02\/banner-tiusa-1-1024x320.jpg 1024w, https:\/\/tiusa.com.mx\/wp\/wp-content\/uploads\/2024\/02\/banner-tiusa-1-768x240.jpg 768w, https:\/\/tiusa.com.mx\/wp\/wp-content\/uploads\/2024\/02\/banner-tiusa-1-1536x480.jpg 1536w, https:\/\/tiusa.com.mx\/wp\/wp-content\/uploads\/2024\/02\/banner-tiusa-1-600x188.jpg 600w\" sizes=\"(max-width: 1920px) 100vw, 1920px\" \/>\t\t\t\t\t\t\t\t\t\t\t\t\t<\/div>\n\t\t\t\t<\/div>\n\t\t\t\t<\/div>\n\t\t\t\t<\/div>\n\t\t","protected":false},"excerpt":{"rendered":"<p>MISI\u00d3N Superar expectativas del cliente en el servicio de transporte de mercanc\u00edas. VISI\u00d3N Consolidarnos como una empresa l\u00edder, s\u00f3lida y rentable, reconocida por el compromiso de su talento humano en su experiencia al transportar.\u00a0 VALORES Compromiso Efectividad Liderazgo Pasi\u00f3n Seguridad Contamos con patio de maniobras bien iluminado, barda perimetral y vigilancia 24 horas Pol\u00edtica de&#8230;<\/p>\n","protected":false},"author":1,"featured_media":0,"parent":0,"menu_order":0,"comment_status":"closed","ping_status":"closed","template":"","meta":{"footnotes":""},"_links":{"self":[{"href":"https:\/\/tiusa.com.mx\/wp\/index.php?rest_route=\/wp\/v2\/pages\/3167"}],"collection":[{"href":"https:\/\/tiusa.com.mx\/wp\/index.php?rest_route=\/wp\/v2\/pages"}],"about":[{"href":"https:\/\/tiusa.com.mx\/wp\/index.php?rest_route=\/wp\/v2\/types\/page"}],"author":[{"embeddable":true,"href":"https:\/\/tiusa.com.mx\/wp\/index.php?rest_route=\/wp\/v2\/users\/1"}],"replies":[{"embeddable":true,"href":"https:\/\/tiusa.com.mx\/wp\/index.php?rest_route=%2Fwp%2Fv2%2Fcomments&post=3167"}],"version-history":[{"count":47,"href":"https:\/\/tiusa.com.mx\/wp\/index.php?rest_route=\/wp\/v2\/pages\/3167\/revisions"}],"predecessor-version":[{"id":3787,"href":"https:\/\/tiusa.com.mx\/wp\/index.php?rest_route=\/wp\/v2\/pages\/3167\/revisions\/3787"}],"wp:attachment":[{"href":"https:\/\/tiusa.com.mx\/wp\/index.php?rest_route=%2Fwp%2Fv2%2Fmedia&parent=3167"}],"curies":[{"name":"wp","href":"https:\/\/api.w.org\/{rel}","templated":true}]}}